{"id":5252,"date":"2014-10-20T16:26:32","date_gmt":"2014-10-20T14:26:32","guid":{"rendered":"http:\/\/turismofollina.it11111111111111.p-xp.it\/follina-2-2\/"},"modified":"2014-10-20T16:45:40","modified_gmt":"2014-10-20T14:45:40","slug":"follina-2","status":"publish","type":"page","link":"https:\/\/turismofollina.it\/de\/follina-2\/","title":{"rendered":"Follina"},"content":{"rendered":"<div id='layer_slider_1' class='avia-layerslider main_color avia-shadow  container_wrap sidebar_right'   ><\/div>\n<div class=\"flex_column av_one_fourth  flex_column_div first  \" ><section class=\"av_textblock_section\"  itemscope=\"itemscope\" itemtype=\"https:\/\/schema.org\/CreativeWork\" ><div class='avia_textblock '   itemprop=\"text\" ><h6 style=\"background-color: #7b6468;\">Fotogallery<\/h6>\n<\/div><\/section><br \/>\n<div class='avia-gallery avia-gallery-1 avia_lazyload avia_animate_when_visible '  itemscope=\"itemscope\" itemtype=\"https:\/\/schema.org\/ImageObject\" ><div class='avia-gallery-thumb'> <a href='https:\/\/turismofollina.it\/wp-content\/uploads\/follina_5-1030x687.jpg' data-rel='gallery-1' data-prev-img='https:\/\/turismofollina.it\/wp-content\/uploads\/follina_5-495x400.jpg' class='first_thumb lightbox ' data-onclick='1' title=''  itemprop=\"contentURL\" ><img  src='https:\/\/turismofollina.it\/wp-content\/uploads\/follina_5-495x400.jpg' width='495' height='400'  title='follina_5' alt='' \/><\/a> <a href='https:\/\/turismofollina.it\/wp-content\/uploads\/follina_4-1030x687.jpg' data-rel='gallery-1' data-prev-img='https:\/\/turismofollina.it\/wp-content\/uploads\/follina_4-495x400.jpg' class='lightbox ' data-onclick='2' title=''  itemprop=\"contentURL\" ><img  src='https:\/\/turismofollina.it\/wp-content\/uploads\/follina_4-495x400.jpg' width='495' height='400'  title='follina_4' alt='' \/><\/a> <a href='https:\/\/turismofollina.it\/wp-content\/uploads\/follina_3-687x1030.jpg' data-rel='gallery-1' data-prev-img='https:\/\/turismofollina.it\/wp-content\/uploads\/follina_3-495x400.jpg' class='first_thumb lightbox ' data-onclick='3' title=''  itemprop=\"contentURL\" ><img  src='https:\/\/turismofollina.it\/wp-content\/uploads\/follina_3-495x400.jpg' width='495' height='400'  title='follina_3' alt='' \/><\/a> <a href='https:\/\/turismofollina.it\/wp-content\/uploads\/follina_2-1030x687.jpg' data-rel='gallery-1' data-prev-img='https:\/\/turismofollina.it\/wp-content\/uploads\/follina_2-495x400.jpg' class='lightbox ' data-onclick='4' title=''  itemprop=\"contentURL\" ><img  src='https:\/\/turismofollina.it\/wp-content\/uploads\/follina_2-495x400.jpg' width='495' height='400'  title='follina_2' alt='' \/><\/a><\/div><\/div><br \/>\n<div style='height:10px' class='hr hr-invisible '><span class='hr-inner ' ><span class='hr-inner-style'><\/span><\/span><\/div><\/p><\/div>\n<div class=\"flex_column av_three_fourth  flex_column_div   \" ><section class=\"av_textblock_section\"  itemscope=\"itemscope\" itemtype=\"https:\/\/schema.org\/CreativeWork\" ><div class='avia_textblock '   itemprop=\"text\" ><p>Follina ist mehr als ein einfacher Ort, es verk\u00f6rpert die alte Geschichte eines nat\u00fcrlichen, geographischen Kreuzungspunktes. Heute ist Follina zu einer Art Treffpunkt der Emotionen geworden, ein Ort, an dem sich Musik und Kul-tur, Umwelt und Sport, Tradition und Weingastronomie vereinen. Follina ist ein zentraler Punkt, um den sich eine komplette Farbenlandschaft dreht, die sich wie ein polychromes Gem\u00e4lde von Sandro Nardi wieder und wieder zusammensetzt. Durch das Gurgeln seiner, einer musikalischen Partitur gleichenden, Wasser wird Follina zu einer Symphonie aus Emotionen und einzigartigen Gef\u00fchlen, einem Ort, an dem Wasser zu Musik wird.<\/p>\n<p><strong>FOLLINA, WAS F\u00dcR EINE GESCHICHTE!<\/strong><br \/>\nDie Entdeckung einiger 120.000 Jahre alter Fundst\u00fccke verweist darauf, dass die Zivilisation in Follina bereits in pr\u00e4historischer Zeit anzutreffen war. Die \u00dcberreste einer Stra\u00dfe, die als Via Claudia Augusta Altinate identifiziert wurde, gehen dagegen auf die r\u00f6mische Zeit zur\u00fcck. Sie war eine wichtige Milit\u00e4rstra\u00dfe, die in der ersten H\u00e4lfte des 1. Jahrhunderts n. Chr. angelegt worden war, und von der Poebene und der Adria bis hin zur Donau reichte. Die wichtigste Zeit in der Geschichte von Follina steht jedoch mit der Zisterzienserabtei aus dem 12. Jahrhundert in Verbindung, die auf einem zuvor bestehenden Benediktinerkomplex erbaut wurde. Dank des Wirkens der M\u00f6nche fasste in Follina und im gesamten Valmareno die Wollverarbeitung Fu\u00df (der Ortsname selbst leitet sich aus einer mit H\u00e4mmern ausgestatteten Vorrichtung ab, der Hammer-walke, die zur Feinbearbeitung der Wolle eingesetzt wurde). Nach jahrhundertelanger Bl\u00fcte erreichte die Textilbranche ab im 17. Jahrhundert ihren H\u00f6hepunkt.<br \/>\nDie Abtei bewahrt ihren Glanz bis heute unversehrt, und wacht gleichsam \u00fcber die Einwohner von Follina, f\u00fcr die sie weltweit Grund zu gro\u00dfem Stolz ist.<\/p>\n<\/div><\/section><\/div>\n<div style=\"padding-bottom:20px; padding-top:10px;\" class=\"hupso-share-buttons\"><!-- Hupso Share Buttons - http:\/\/www.hupso.com\/share\/ --><a class=\"hupso_counters\" href=\"http:\/\/www.hupso.com\/share\/\"><img src=\"https:\/\/static.hupso.com\/share\/buttons\/lang\/it\/share-small.png\" style=\"border:0px; padding-top:2px; float:left;\" alt=\"Share Button\"\/><\/a><script type=\"text\/javascript\">var hupso_services_c=new Array(\"twitter\",\"facebook_like\",\"facebook_send\",\"google\",\"pinterest\");var hupso_counters_lang = \"it_IT\";var hupso_image_folder_url = \"\";var hupso_url_c=\"\";<\/script><script type=\"text\/javascript\" src=\"https:\/\/static.hupso.com\/share\/js\/counters.js\"><\/script><!-- Hupso Share Buttons --><\/div>","protected":false},"excerpt":{"rendered":"<p>This is a Page excerpt. It will be displayed for search results<\/p>\n","protected":false},"author":10,"featured_media":0,"parent":0,"menu_order":0,"comment_status":"open","ping_status":"open","template":"","meta":[],"_links":{"self":[{"href":"https:\/\/turismofollina.it\/de\/wp-json\/wp\/v2\/pages\/5252"}],"collection":[{"href":"https:\/\/turismofollina.it\/de\/wp-json\/wp\/v2\/pages"}],"about":[{"href":"https:\/\/turismofollina.it\/de\/wp-json\/wp\/v2\/types\/page"}],"author":[{"embeddable":true,"href":"https:\/\/turismofollina.it\/de\/wp-json\/wp\/v2\/users\/10"}],"replies":[{"embeddable":true,"href":"https:\/\/turismofollina.it\/de\/wp-json\/wp\/v2\/comments?post=5252"}],"version-history":[{"count":1,"href":"https:\/\/turismofollina.it\/de\/wp-json\/wp\/v2\/pages\/5252\/revisions"}],"predecessor-version":[{"id":5253,"href":"https:\/\/turismofollina.it\/de\/wp-json\/wp\/v2\/pages\/5252\/revisions\/5253"}],"wp:attachment":[{"href":"https:\/\/turismofollina.it\/de\/wp-json\/wp\/v2\/media?parent=5252"}],"curies":[{"name":"wp","href":"https:\/\/api.w.org\/{rel}","templated":true}]}}