{"id":5274,"date":"2014-10-17T11:56:25","date_gmt":"2014-10-17T09:56:25","guid":{"rendered":"http:\/\/turismofollina.it11111111111111.p-xp.it\/storia-2\/"},"modified":"2014-10-27T12:07:29","modified_gmt":"2014-10-27T11:07:29","slug":"storia","status":"publish","type":"page","link":"https:\/\/turismofollina.it\/de\/storia\/","title":{"rendered":"Geschichte"},"content":{"rendered":"<div id='layer_slider_1' class='avia-layerslider main_color avia-shadow  container_wrap sidebar_right'   ><\/div>\n<div class=\"flex_column av_one_fourth  flex_column_div first  \" ><section class=\"av_textblock_section\"  itemscope=\"itemscope\" itemtype=\"https:\/\/schema.org\/CreativeWork\" ><div class='avia_textblock '   itemprop=\"text\" ><h6 style=\"background-color: #7b6468;\">Fotogallery<\/h6>\n<\/div><\/section><br \/>\n<div class='avia-gallery avia-gallery-1 avia_lazyload avia_animate_when_visible '  itemscope=\"itemscope\" itemtype=\"https:\/\/schema.org\/ImageObject\" ><div class='avia-gallery-thumb'> <a href='https:\/\/turismofollina.it\/wp-content\/uploads\/abbazia_10-1030x687.jpg' data-rel='gallery-1' data-prev-img='https:\/\/turismofollina.it\/wp-content\/uploads\/abbazia_10-495x400.jpg' class='first_thumb lightbox ' data-onclick='1' title=''  itemprop=\"contentURL\" ><img  src='https:\/\/turismofollina.it\/wp-content\/uploads\/abbazia_10-495x400.jpg' width='495' height='400'  title='abbazia_10' alt='' \/><\/a> <a href='https:\/\/turismofollina.it\/wp-content\/uploads\/abbazia_15-685x1030.jpg' data-rel='gallery-1' data-prev-img='https:\/\/turismofollina.it\/wp-content\/uploads\/abbazia_15-495x400.jpg' class='lightbox ' data-onclick='2' title=''  itemprop=\"contentURL\" ><img  src='https:\/\/turismofollina.it\/wp-content\/uploads\/abbazia_15-495x400.jpg' width='495' height='400'  title='abbazia_15' alt='' \/><\/a> <a href='https:\/\/turismofollina.it\/wp-content\/uploads\/abbazia_14-1030x685.jpg' data-rel='gallery-1' data-prev-img='https:\/\/turismofollina.it\/wp-content\/uploads\/abbazia_14-495x400.jpg' class='first_thumb lightbox ' data-onclick='3' title=''  itemprop=\"contentURL\" ><img  src='https:\/\/turismofollina.it\/wp-content\/uploads\/abbazia_14-495x400.jpg' width='495' height='400'  title='abbazia_14' alt='' \/><\/a> <a href='https:\/\/turismofollina.it\/wp-content\/uploads\/abbazia_13-1030x685.jpg' data-rel='gallery-1' data-prev-img='https:\/\/turismofollina.it\/wp-content\/uploads\/abbazia_13-495x400.jpg' class='lightbox ' data-onclick='4' title=''  itemprop=\"contentURL\" ><img  src='https:\/\/turismofollina.it\/wp-content\/uploads\/abbazia_13-495x400.jpg' width='495' height='400'  title='abbazia_13' alt='' \/><\/a> <a href='https:\/\/turismofollina.it\/wp-content\/uploads\/abbazia_12-687x1030.jpg' data-rel='gallery-1' data-prev-img='https:\/\/turismofollina.it\/wp-content\/uploads\/abbazia_12-495x400.jpg' class='first_thumb lightbox ' data-onclick='5' title=''  itemprop=\"contentURL\" ><img  src='https:\/\/turismofollina.it\/wp-content\/uploads\/abbazia_12-495x400.jpg' width='495' height='400'  title='abbazia_12' alt='' \/><\/a> <a href='https:\/\/turismofollina.it\/wp-content\/uploads\/abbazia_11-687x1030.jpg' data-rel='gallery-1' data-prev-img='https:\/\/turismofollina.it\/wp-content\/uploads\/abbazia_11-495x400.jpg' class='lightbox ' data-onclick='6' title=''  itemprop=\"contentURL\" ><img  src='https:\/\/turismofollina.it\/wp-content\/uploads\/abbazia_11-495x400.jpg' width='495' height='400'  title='abbazia_11' alt='' \/><\/a> <a href='https:\/\/turismofollina.it\/wp-content\/uploads\/abbazia_9-687x1030.jpg' data-rel='gallery-1' data-prev-img='https:\/\/turismofollina.it\/wp-content\/uploads\/abbazia_9-495x400.jpg' class='first_thumb lightbox ' data-onclick='7' title=''  itemprop=\"contentURL\" ><img  src='https:\/\/turismofollina.it\/wp-content\/uploads\/abbazia_9-495x400.jpg' width='495' height='400'  title='abbazia_9' alt='' \/><\/a> <a href='https:\/\/turismofollina.it\/wp-content\/uploads\/abbazia_8-687x1030.jpg' data-rel='gallery-1' data-prev-img='https:\/\/turismofollina.it\/wp-content\/uploads\/abbazia_8-495x400.jpg' class='lightbox ' data-onclick='8' title=''  itemprop=\"contentURL\" ><img  src='https:\/\/turismofollina.it\/wp-content\/uploads\/abbazia_8-495x400.jpg' width='495' height='400'  title='abbazia_8' alt='' \/><\/a> <a href='https:\/\/turismofollina.it\/wp-content\/uploads\/abbazia_7-1030x687.jpg' data-rel='gallery-1' data-prev-img='https:\/\/turismofollina.it\/wp-content\/uploads\/abbazia_7-495x400.jpg' class='first_thumb lightbox ' data-onclick='9' title=''  itemprop=\"contentURL\" ><img  src='https:\/\/turismofollina.it\/wp-content\/uploads\/abbazia_7-495x400.jpg' width='495' height='400'  title='abbazia_7' alt='' \/><\/a> <a href='https:\/\/turismofollina.it\/wp-content\/uploads\/abbazia_6-687x1030.jpg' data-rel='gallery-1' data-prev-img='https:\/\/turismofollina.it\/wp-content\/uploads\/abbazia_6-495x400.jpg' class='lightbox ' data-onclick='10' title=''  itemprop=\"contentURL\" ><img  src='https:\/\/turismofollina.it\/wp-content\/uploads\/abbazia_6-495x400.jpg' width='495' height='400'  title='abbazia_6' alt='' \/><\/a> <a href='https:\/\/turismofollina.it\/wp-content\/uploads\/abbazia_5-687x1030.jpg' data-rel='gallery-1' data-prev-img='https:\/\/turismofollina.it\/wp-content\/uploads\/abbazia_5-495x400.jpg' class='first_thumb lightbox ' data-onclick='11' title=''  itemprop=\"contentURL\" ><img  src='https:\/\/turismofollina.it\/wp-content\/uploads\/abbazia_5-495x400.jpg' width='495' height='400'  title='abbazia_5' alt='' \/><\/a> <a href='https:\/\/turismofollina.it\/wp-content\/uploads\/abbazia_4-687x1030.jpg' data-rel='gallery-1' data-prev-img='https:\/\/turismofollina.it\/wp-content\/uploads\/abbazia_4-495x400.jpg' class='lightbox ' data-onclick='12' title=''  itemprop=\"contentURL\" ><img  src='https:\/\/turismofollina.it\/wp-content\/uploads\/abbazia_4-495x400.jpg' width='495' height='400'  title='abbazia_4' alt='' \/><\/a> <a href='https:\/\/turismofollina.it\/wp-content\/uploads\/abbazia_3-1030x687.jpg' data-rel='gallery-1' data-prev-img='https:\/\/turismofollina.it\/wp-content\/uploads\/abbazia_3-495x400.jpg' class='first_thumb lightbox ' data-onclick='13' title=''  itemprop=\"contentURL\" ><img  src='https:\/\/turismofollina.it\/wp-content\/uploads\/abbazia_3-495x400.jpg' width='495' height='400'  title='abbazia_3' alt='' \/><\/a> <a href='https:\/\/turismofollina.it\/wp-content\/uploads\/abbazzia_2-1030x687.jpg' data-rel='gallery-1' data-prev-img='https:\/\/turismofollina.it\/wp-content\/uploads\/abbazzia_2-495x400.jpg' class='lightbox ' data-onclick='14' title=''  itemprop=\"contentURL\" ><img  src='https:\/\/turismofollina.it\/wp-content\/uploads\/abbazzia_2-495x400.jpg' width='495' height='400'  title='abbazzia_2' alt='' \/><\/a> <a href='https:\/\/turismofollina.it\/wp-content\/uploads\/abbazia_1-687x1030.jpg' data-rel='gallery-1' data-prev-img='https:\/\/turismofollina.it\/wp-content\/uploads\/abbazia_1-495x400.jpg' class='first_thumb lightbox ' data-onclick='15' title=''  itemprop=\"contentURL\" ><img  src='https:\/\/turismofollina.it\/wp-content\/uploads\/abbazia_1-495x400.jpg' width='495' height='400'  title='abbazia_1' alt='' \/><\/a><\/div><\/div><br \/>\n<div style='height:10px' class='hr hr-invisible '><span class='hr-inner ' ><span class='hr-inner-style'><\/span><\/span><\/div><\/p><\/div>\n<div class=\"flex_column av_three_fourth  flex_column_div   \" ><section class=\"av_textblock_section\"  itemscope=\"itemscope\" itemtype=\"https:\/\/schema.org\/CreativeWork\" ><div class='avia_textblock '   itemprop=\"text\" ><h6 style=\"background-color: #7b6468;\"><img loading=\"lazy\" class=\"alignleft  wp-image-5156\" style=\"margin: 0px; padding: 0px; margin-top: -4px; margin-right: 4px;\" alt=\"storia\" src=\"\/wp-content\/uploads\/storia.png\" width=\"24\" height=\"24\" srcset=\"https:\/\/turismofollina.it\/wp-content\/uploads\/storia.png 50w, https:\/\/turismofollina.it\/wp-content\/uploads\/storia-36x36.png 36w\" sizes=\"(max-width: 24px) 100vw, 24px\" \/>Geschichte<\/h6>\n<\/div><\/section><br \/>\n<section class=\"av_textblock_section\"  itemscope=\"itemscope\" itemtype=\"https:\/\/schema.org\/CreativeWork\" ><div class='avia_textblock '   itemprop=\"text\" ><p><strong>Die Abtei<\/strong><br \/>\nDie Abtei, deren Bau im 13. Jahrhundert begonnen wurde, ist das eigentliche spirituelle Herz von Follina. Ihre einzigartige Atmosph\u00e4re ist eine perfekte Mischung aus tief reichendem Mystizismus, mitrei\u00dfender Faszination und jahrhundertealter Architektur. Harmonische Formen, geheimnisvolle Stille und magische Lichtspiele entf\u00fchren den Besucher in eine Reise ohne Zeit. Laut Tradition fanden die Benediktiner auf dem H\u00fcgelplateau von Roncavezzai, s\u00fcd\u00f6stlich von Follina, auf wundersame Weise eine Steinstatue, die die Madonna mit Kind (2) verk\u00f6rpert, und nach Meinung eines Sachverst\u00e4ndigen auf das 7. Jahrhundert n. Chr. zur\u00fcckgeht. Sie wurde in einer Nische in der Mitte des h\u00f6lzernen Retabels des Hauptaltars (1) positioniert, wo sie noch heute verehrt wird und Ziel zahlreicher Wallfahrten ist. Unter ihnen verdient die jahrhundertelange Wallfahrt der Orte um Belluno im Alpago-Gebiet, die jeden Ostermontag anl\u00e4sslich des Dorffestes zu Fu\u00df in den Wallfahrtsort abstiegen, besondere Erw\u00e4hnung. Dieses typische, jahrhunderteal-te Glaubensbekenntnis wiederholt sich allj\u00e4hrlich, zusammen mit zahlreichen anderen Gemeinden. Dar-\u00fcber hinaus befinden sich auch andere, kostbare Werke in der Abtei: das Fresko &#8222;Madonna mit Kind und Heiligen&#8220; (3) des Francesco da Milano aus dem Jahr 1527 und ein bemerkenswertes h\u00f6lzernes Kruzifix aus barocker Zeit (4). Der Bau des wundersch\u00f6nen Kreuzgangs, der aus der Zeit vor der Basilika stammt und heute perfekt erhalten ist, wurde 1268 beendet, als sich die Zisterzienserm\u00f6nche im Kloster niederlie\u00dfen.<br \/>\n<em>Die Abtei von Follina kann t\u00e4glich von 7.00 bis 12.00 Uhr und von 14.30 bis 19.00 Uhr besichtigt werden.<\/em><\/p>\n<p><em><\/em><strong>\u00d6STERREICHISCH-UNGARISCHE GEDENKST\u00c4TTE<em><br \/>\n<\/em><\/strong>Sie wurde w\u00e4hrend des Ersten Weltkriegs erbaut, und in ihr haben Soldaten aus vielen L\u00e4ndern, die damals miteinander im Krieg waren, ihre ewige Ruhe gefunden. Diese Gedenkst\u00e4tte ist heute ein Sinnbild f\u00fcr Br\u00fcderlichkeit und Frieden zwischen den V\u00f6lkern.<\/p>\n<p><strong>VIA CLAUDIA AUGUSTA ALTINATE<\/strong><br \/>\nDer Name der Via Claudia Augusta, einer wichtigen, von der Poebene und der Adria bis zur Donau reichenden Milit\u00e4rstra\u00dfe, geht auf den r\u00f6mischen Kaiser Claudius zur\u00fcck. Laut Inschriften hat er diese bedeutende Arterie im Jahr 46 n. Chr. erbauen lassen, auf einer Trasse, die sein Vater Drusus w\u00e4hrend der von 16 bis 13 v. Chr. im Noricum (\u00d6sterreich) gef\u00fchrten Kriegsfeldz\u00fcge angelegt hatte.<\/p>\n<\/div><\/section><\/p><\/div>\n<div style=\"padding-bottom:20px; padding-top:10px;\" class=\"hupso-share-buttons\"><!-- Hupso Share Buttons - http:\/\/www.hupso.com\/share\/ --><a class=\"hupso_counters\" href=\"http:\/\/www.hupso.com\/share\/\"><img src=\"https:\/\/static.hupso.com\/share\/buttons\/lang\/it\/share-small.png\" style=\"border:0px; padding-top:2px; float:left;\" alt=\"Share Button\"\/><\/a><script type=\"text\/javascript\">var hupso_services_c=new Array(\"twitter\",\"facebook_like\",\"facebook_send\",\"google\",\"pinterest\");var hupso_counters_lang = \"it_IT\";var hupso_image_folder_url = \"\";var hupso_url_c=\"\";<\/script><script type=\"text\/javascript\" src=\"https:\/\/static.hupso.com\/share\/js\/counters.js\"><\/script><!-- Hupso Share Buttons --><\/div>","protected":false},"excerpt":{"rendered":"<p>This is a Page excerpt. It will be displayed for search results<\/p>\n","protected":false},"author":5,"featured_media":0,"parent":0,"menu_order":0,"comment_status":"open","ping_status":"open","template":"","meta":[],"_links":{"self":[{"href":"https:\/\/turismofollina.it\/de\/wp-json\/wp\/v2\/pages\/5274"}],"collection":[{"href":"https:\/\/turismofollina.it\/de\/wp-json\/wp\/v2\/pages"}],"about":[{"href":"https:\/\/turismofollina.it\/de\/wp-json\/wp\/v2\/types\/page"}],"author":[{"embeddable":true,"href":"https:\/\/turismofollina.it\/de\/wp-json\/wp\/v2\/users\/5"}],"replies":[{"embeddable":true,"href":"https:\/\/turismofollina.it\/de\/wp-json\/wp\/v2\/comments?post=5274"}],"version-history":[{"count":5,"href":"https:\/\/turismofollina.it\/de\/wp-json\/wp\/v2\/pages\/5274\/revisions"}],"predecessor-version":[{"id":5662,"href":"https:\/\/turismofollina.it\/de\/wp-json\/wp\/v2\/pages\/5274\/revisions\/5662"}],"wp:attachment":[{"href":"https:\/\/turismofollina.it\/de\/wp-json\/wp\/v2\/media?parent=5274"}],"curies":[{"name":"wp","href":"https:\/\/api.w.org\/{rel}","templated":true}]}}