{"id":5509,"date":"2014-10-21T17:16:55","date_gmt":"2014-10-21T15:16:55","guid":{"rendered":"http:\/\/turismofollina.it11111111111111.p-xp.it\/acqua-2\/"},"modified":"2014-10-27T11:52:35","modified_gmt":"2014-10-27T10:52:35","slug":"acqua","status":"publish","type":"page","link":"https:\/\/turismofollina.it\/de\/acqua\/","title":{"rendered":"Follina, Stadt des Wassers"},"content":{"rendered":"<div id='layer_slider_1' class='avia-layerslider main_color avia-shadow  container_wrap sidebar_right'   ><\/div>\n<div class=\"flex_column av_one_fourth  flex_column_div first  \" ><section class=\"av_textblock_section\"  itemscope=\"itemscope\" itemtype=\"https:\/\/schema.org\/CreativeWork\" ><div class='avia_textblock '   itemprop=\"text\" ><h6 style=\"background-color: #44c7e8;\">Photogallery<\/h6>\n<\/div><\/section><br \/>\n<div class='avia-gallery avia-gallery-1 avia_lazyload avia_animate_when_visible '  itemscope=\"itemscope\" itemtype=\"https:\/\/schema.org\/ImageObject\" ><div class='avia-gallery-thumb'> <a href='https:\/\/turismofollina.it\/wp-content\/uploads\/casa-edera-849x1030.jpg' data-rel='gallery-1' data-prev-img='https:\/\/turismofollina.it\/wp-content\/uploads\/casa-edera-495x400.jpg' class='first_thumb lightbox ' data-onclick='1' title=''  itemprop=\"contentURL\" ><img  src='https:\/\/turismofollina.it\/wp-content\/uploads\/casa-edera-495x400.jpg' width='495' height='400'  title='casa edera' alt='' \/><\/a> <a href='https:\/\/turismofollina.it\/wp-content\/uploads\/CASCATELLA-1030x772.jpg' data-rel='gallery-1' data-prev-img='https:\/\/turismofollina.it\/wp-content\/uploads\/CASCATELLA-495x400.jpg' class='lightbox ' data-onclick='2' title='CASCATA'  itemprop=\"contentURL\" ><img data-avia-tooltip='CASCATA' src='https:\/\/turismofollina.it\/wp-content\/uploads\/CASCATELLA-495x400.jpg' width='495' height='400'  title='CASCATELLA' alt='' \/><\/a><\/div><\/div><br \/>\n<div style='height:10px' class='hr hr-invisible '><span class='hr-inner ' ><span class='hr-inner-style'><\/span><\/span><\/div><\/p><\/div>\n<div class=\"flex_column av_three_fourth  flex_column_div   \" ><section class=\"av_textblock_section\"  itemscope=\"itemscope\" itemtype=\"https:\/\/schema.org\/CreativeWork\" ><div class='avia_textblock '   itemprop=\"text\" ><h6 style=\"background-color: #44c7e8;\"><img loading=\"lazy\" class=\"alignleft  wp-image-5156\" style=\"margin: -4px 4px 0px 0px; padding: 0px;\" alt=\"acqua\" src=\"\/wp-content\/uploads\/acqua.png\" width=\"24\" height=\"24\" \/>Follina, Stadt des Wassers<\/h6>\n<\/div><\/section><br \/>\n<section class=\"av_textblock_section\"  itemscope=\"itemscope\" itemtype=\"https:\/\/schema.org\/CreativeWork\" ><div class='avia_textblock '   itemprop=\"text\" ><p>Das in diesem Ort besonders reichhaltig vorhandene Wasser ist auf die Existenz zahlreicher Quellen zur\u00fcckzuf\u00fchren. Die ber\u00fchmteste unter ihnen ist die Quelle der Heiligen Scholastika, und aus ihr entspringt auch der Fluss Follina. Wasser war f\u00fcr die industrielle und kulturelle Entwicklung des Ortes seit jeher von gro\u00dfer Bedeutung: f\u00fcr ihn war dieses Element eine treibende Kraft, und aus ihm sch\u00f6pfte er auch spirituelle St\u00e4rke, wie einige herrliche Brunnen im Inneren der Abtei unter Beweis stellen.<\/p>\n<\/div><\/section><\/p><\/div>\n<div style=\"padding-bottom:20px; padding-top:10px;\" class=\"hupso-share-buttons\"><!-- Hupso Share Buttons - http:\/\/www.hupso.com\/share\/ --><a class=\"hupso_counters\" href=\"http:\/\/www.hupso.com\/share\/\"><img src=\"https:\/\/static.hupso.com\/share\/buttons\/lang\/it\/share-small.png\" style=\"border:0px; padding-top:2px; float:left;\" alt=\"Share Button\"\/><\/a><script type=\"text\/javascript\">var hupso_services_c=new Array(\"twitter\",\"facebook_like\",\"facebook_send\",\"google\",\"pinterest\");var hupso_counters_lang = \"it_IT\";var hupso_image_folder_url = \"\";var hupso_url_c=\"\";<\/script><script type=\"text\/javascript\" src=\"https:\/\/static.hupso.com\/share\/js\/counters.js\"><\/script><!-- Hupso Share Buttons --><\/div>","protected":false},"excerpt":{"rendered":"<p>This is a Page excerpt. It will be displayed for search results<\/p>\n","protected":false},"author":10,"featured_media":0,"parent":0,"menu_order":0,"comment_status":"open","ping_status":"open","template":"","meta":[],"_links":{"self":[{"href":"https:\/\/turismofollina.it\/de\/wp-json\/wp\/v2\/pages\/5509"}],"collection":[{"href":"https:\/\/turismofollina.it\/de\/wp-json\/wp\/v2\/pages"}],"about":[{"href":"https:\/\/turismofollina.it\/de\/wp-json\/wp\/v2\/types\/page"}],"author":[{"embeddable":true,"href":"https:\/\/turismofollina.it\/de\/wp-json\/wp\/v2\/users\/10"}],"replies":[{"embeddable":true,"href":"https:\/\/turismofollina.it\/de\/wp-json\/wp\/v2\/comments?post=5509"}],"version-history":[{"count":2,"href":"https:\/\/turismofollina.it\/de\/wp-json\/wp\/v2\/pages\/5509\/revisions"}],"predecessor-version":[{"id":5650,"href":"https:\/\/turismofollina.it\/de\/wp-json\/wp\/v2\/pages\/5509\/revisions\/5650"}],"wp:attachment":[{"href":"https:\/\/turismofollina.it\/de\/wp-json\/wp\/v2\/media?parent=5509"}],"curies":[{"name":"wp","href":"https:\/\/api.w.org\/{rel}","templated":true}]}}