{"id":5514,"date":"2014-10-21T17:51:37","date_gmt":"2014-10-21T15:51:37","guid":{"rendered":"http:\/\/turismofollina.it11111111111111.p-xp.it\/enogastronomia-4-2\/"},"modified":"2014-10-27T11:54:28","modified_gmt":"2014-10-27T10:54:28","slug":"enogastronomia-4","status":"publish","type":"page","link":"https:\/\/turismofollina.it\/de\/enogastronomia-4\/","title":{"rendered":"Wolle und Seide"},"content":{"rendered":"<div id='layer_slider_1' class='avia-layerslider main_color avia-shadow  container_wrap sidebar_right'   ><\/div>\n<div class=\"flex_column av_one_fourth  flex_column_div first  \" ><section class=\"av_textblock_section\"  itemscope=\"itemscope\" itemtype=\"https:\/\/schema.org\/CreativeWork\" ><div class='avia_textblock '   itemprop=\"text\" ><h6 style=\"background-color: #00319f;\">Photogallery<\/h6>\n<\/div><\/section><br \/>\n<div class='avia-gallery avia-gallery-1 avia_lazyload avia_animate_when_visible '  itemscope=\"itemscope\" itemtype=\"https:\/\/schema.org\/ImageObject\" ><div class='avia-gallery-thumb'> <a href='https:\/\/turismofollina.it\/wp-content\/uploads\/lana1-687x1030.jpg' data-rel='gallery-1' data-prev-img='https:\/\/turismofollina.it\/wp-content\/uploads\/lana1-495x400.jpg' class='first_thumb lightbox ' data-onclick='1' title=''  itemprop=\"contentURL\" ><img  src='https:\/\/turismofollina.it\/wp-content\/uploads\/lana1-495x400.jpg' width='495' height='400'  title='lana1' alt='' \/><\/a> <a href='https:\/\/turismofollina.it\/wp-content\/uploads\/seta1-1030x687.jpg' data-rel='gallery-1' data-prev-img='https:\/\/turismofollina.it\/wp-content\/uploads\/seta1-495x400.jpg' class='lightbox ' data-onclick='2' title=''  itemprop=\"contentURL\" ><img  src='https:\/\/turismofollina.it\/wp-content\/uploads\/seta1-495x400.jpg' width='495' height='400'  title='seta1' alt='' \/><\/a> <a href='https:\/\/turismofollina.it\/wp-content\/uploads\/lana2-1030x685.jpg' data-rel='gallery-1' data-prev-img='https:\/\/turismofollina.it\/wp-content\/uploads\/lana2-495x400.jpg' class='first_thumb lightbox ' data-onclick='3' title=''  itemprop=\"contentURL\" ><img  src='https:\/\/turismofollina.it\/wp-content\/uploads\/lana2-495x400.jpg' width='495' height='400'  title='lana2' alt='' \/><\/a><\/div><\/div><br \/>\n<div style='height:10px' class='hr hr-invisible '><span class='hr-inner ' ><span class='hr-inner-style'><\/span><\/span><\/div><\/p><\/div>\n<div class=\"flex_column av_three_fourth  flex_column_div   \" ><section class=\"av_textblock_section\"  itemscope=\"itemscope\" itemtype=\"https:\/\/schema.org\/CreativeWork\" ><div class='avia_textblock '   itemprop=\"text\" ><h6 style=\"background-color: #00319f;\"><img loading=\"lazy\" class=\"alignleft  wp-image-5156\" style=\"margin: -4px 4px 0px 0px; padding: 0px;\" alt=\"storia\" src=\"\/wp-content\/uploads\/lana.png\" width=\"24\" height=\"24\" \/>Wolle und Seide<\/h6>\n<\/div><\/section><br \/>\n<section class=\"av_textblock_section\"  itemscope=\"itemscope\" itemtype=\"https:\/\/schema.org\/CreativeWork\" ><div class='avia_textblock '   itemprop=\"text\" ><p>Die Kunst der Verarbeitung von Wolle und Seide erlebte in Follina eine historische Bl\u00fctezeit, die bis zum 18. Jahrhundert andauerte. Ab dem 13. Jahrhundert entstanden um den Ort herum viele Wollfabriken, die Follina zu einem besonders wichtigen Fertigungszentrum\u00a0 f\u00fcr kostbare Wolle und Seide machten, unter anderem f\u00fcr die Serenissima, die Republik Venedig. Aufgrund einer drastischen Reduzierung der Wassermenge einiger der Wasserl\u00e4ufe schlossen in der zweiten H\u00e4lfte des 18. Jahrhunderts fast alle Woll und Seidenfabriken. Das Erbe von Follina lebt jedoch bis heute in der Wollfabrik Paoletti fort, die hochqualitative Gewebe f\u00fcr die Modebranche herstellt, und in der Seidenfabrik Serica della Marca, die die tausendj\u00e4hrige Tradition der M\u00f6nche weiterf\u00fchrt.<\/p>\n<\/div><\/section><\/p><\/div>\n<div style=\"padding-bottom:20px; padding-top:10px;\" class=\"hupso-share-buttons\"><!-- Hupso Share Buttons - http:\/\/www.hupso.com\/share\/ --><a class=\"hupso_counters\" href=\"http:\/\/www.hupso.com\/share\/\"><img src=\"https:\/\/static.hupso.com\/share\/buttons\/lang\/it\/share-small.png\" style=\"border:0px; padding-top:2px; float:left;\" alt=\"Share Button\"\/><\/a><script type=\"text\/javascript\">var hupso_services_c=new Array(\"twitter\",\"facebook_like\",\"facebook_send\",\"google\",\"pinterest\");var hupso_counters_lang = \"it_IT\";var hupso_image_folder_url = \"\";var hupso_url_c=\"\";<\/script><script type=\"text\/javascript\" src=\"https:\/\/static.hupso.com\/share\/js\/counters.js\"><\/script><!-- Hupso Share Buttons --><\/div>","protected":false},"excerpt":{"rendered":"<p>This is a Page excerpt. It will be displayed for search results<\/p>\n","protected":false},"author":10,"featured_media":0,"parent":0,"menu_order":0,"comment_status":"open","ping_status":"open","template":"","meta":[],"_links":{"self":[{"href":"https:\/\/turismofollina.it\/de\/wp-json\/wp\/v2\/pages\/5514"}],"collection":[{"href":"https:\/\/turismofollina.it\/de\/wp-json\/wp\/v2\/pages"}],"about":[{"href":"https:\/\/turismofollina.it\/de\/wp-json\/wp\/v2\/types\/page"}],"author":[{"embeddable":true,"href":"https:\/\/turismofollina.it\/de\/wp-json\/wp\/v2\/users\/10"}],"replies":[{"embeddable":true,"href":"https:\/\/turismofollina.it\/de\/wp-json\/wp\/v2\/comments?post=5514"}],"version-history":[{"count":2,"href":"https:\/\/turismofollina.it\/de\/wp-json\/wp\/v2\/pages\/5514\/revisions"}],"predecessor-version":[{"id":5652,"href":"https:\/\/turismofollina.it\/de\/wp-json\/wp\/v2\/pages\/5514\/revisions\/5652"}],"wp:attachment":[{"href":"https:\/\/turismofollina.it\/de\/wp-json\/wp\/v2\/media?parent=5514"}],"curies":[{"name":"wp","href":"https:\/\/api.w.org\/{rel}","templated":true}]}}