{"id":5555,"date":"2014-10-21T18:24:24","date_gmt":"2014-10-21T16:24:24","guid":{"rendered":"http:\/\/turismofollina.it11111111111111.p-xp.it\/musica-e-arte-2-2\/"},"modified":"2014-10-27T11:50:34","modified_gmt":"2014-10-27T10:50:34","slug":"musica-e-arte-2","status":"publish","type":"page","link":"https:\/\/turismofollina.it\/de\/musica-e-arte-2\/","title":{"rendered":"Musik und Kunst"},"content":{"rendered":"<div id='layer_slider_1' class='avia-layerslider main_color avia-shadow  container_wrap sidebar_right'   ><\/div>\n<div class=\"flex_column av_one_fourth  flex_column_div first  \" ><section class=\"av_textblock_section\"  itemscope=\"itemscope\" itemtype=\"https:\/\/schema.org\/CreativeWork\" ><div class='avia_textblock '   itemprop=\"text\" ><h6 style=\"background-color: #761f57;\">Photogallery<\/h6>\n<\/div><\/section><br \/>\n<div class='avia-gallery avia-gallery-1 avia_lazyload avia_animate_when_visible '  itemscope=\"itemscope\" itemtype=\"https:\/\/schema.org\/ImageObject\" ><div class='avia-gallery-thumb'> <a href='https:\/\/turismofollina.it\/wp-content\/uploads\/concert_2-1030x686.jpg' data-rel='gallery-1' data-prev-img='https:\/\/turismofollina.it\/wp-content\/uploads\/concert_2-495x400.jpg' class='first_thumb lightbox ' data-onclick='1' title=''  itemprop=\"contentURL\" ><img  src='https:\/\/turismofollina.it\/wp-content\/uploads\/concert_2-495x400.jpg' width='495' height='400'  title='concert_2' alt='' \/><\/a> <a href='https:\/\/turismofollina.it\/wp-content\/uploads\/uto_ughi-1030x686.jpg' data-rel='gallery-1' data-prev-img='https:\/\/turismofollina.it\/wp-content\/uploads\/uto_ughi-495x400.jpg' class='lightbox ' data-onclick='2' title=''  itemprop=\"contentURL\" ><img  src='https:\/\/turismofollina.it\/wp-content\/uploads\/uto_ughi-495x400.jpg' width='495' height='400'  title='uto_ughi' alt='' \/><\/a> <a href='https:\/\/turismofollina.it\/wp-content\/uploads\/QUADRO-NARDI-1030x810.jpg' data-rel='gallery-1' data-prev-img='https:\/\/turismofollina.it\/wp-content\/uploads\/QUADRO-NARDI-495x400.jpg' class='first_thumb lightbox ' data-onclick='3' title=''  itemprop=\"contentURL\" ><img  src='https:\/\/turismofollina.it\/wp-content\/uploads\/QUADRO-NARDI-495x400.jpg' width='495' height='400'  title='QUADRO NARDI' alt='' \/><\/a><\/div><\/div><br \/>\n<div style='height:10px' class='hr hr-invisible '><span class='hr-inner ' ><span class='hr-inner-style'><\/span><\/span><\/div><\/p><\/div>\n<div class=\"flex_column av_three_fourth  flex_column_div   \" ><section class=\"av_textblock_section\"  itemscope=\"itemscope\" itemtype=\"https:\/\/schema.org\/CreativeWork\" ><div class='avia_textblock '   itemprop=\"text\" ><h6 style=\"background-color: #761f57;\"><img loading=\"lazy\" class=\"alignleft  wp-image-5156\" style=\"margin: -4px 4px 0px 0px; padding: 0px;\" alt=\"musica e arte\" src=\"\/wp-content\/uploads\/musica.png\" width=\"24\" height=\"24\" \/>Musik und Kunst<\/h6>\n<\/div><\/section><br \/>\n<section class=\"av_textblock_section\"  itemscope=\"itemscope\" itemtype=\"https:\/\/schema.org\/CreativeWork\" ><div class='avia_textblock '   itemprop=\"text\" ><p><strong>Musik<\/strong><br \/>\nDie Kultur ist in Follina zu Hause. Die Abtei war bereits zum Zeitpunkt ihrer Gr\u00fcndung ein Ort des Studiums und der Gelehrsamkeit, ein Zentrum f\u00fcr Spiritualit\u00e4t und religi\u00f6se Kultur. Das Kloster steht noch heute im Mittelpunkt des kulturellen Lebens von Follina, insbesondere was Musik angeht: die Abtei beherbergt im Laufe des Jahres Konzerte \u2013 einige von ihnen von internationa-lem Rang \u2013 deren herrlicher Rahmen jedes Event zu einem einmaligen Moment macht. Auch die Kultur der Volksmusik ist in Follina vertreten: die aus rund 30 Mitgliedern bestehende Musikkapelle des Ortes tritt auch bei Veranstaltungen auf nationaler Ebene mit gro\u00dfem Erfolg auf.<br \/>\nDer Ort verf\u00fcgt auch \u00fcber eine bedeutende Musikschule, die die Musikkultur durch Konzerte und Meisterkurse f\u00f6rdert. Dar\u00fcber hinaus werden verschiedene Ausstellungen zeitgen\u00f6ssischer und alter Maler organisiert.<\/p>\n<p><strong>Kunst<\/strong><br \/>\nFollina ist der Geburtsort von Jacopo Bernardi, einem Priester, Dichter und Lehrer und von Sandro Nardi, einem bedeutenden Maler, der an zahlreichen Kollektivausstellungen mit De Pisis, De Chirico, Carr\u00e0, Sironi, Morandi und Campigli teilgenommen hat. Seine Werke sind im Ratssaal der Gemeinde von Follina ausgestellt. Dar\u00fcber hinaus lohnen folgende Kunst und Kulturst\u00e4tten einen Besuch: die alte Hammerschmiede, in der Metalle bearbeitet wurden, die Wollfabrik Paoletti in Follina, das Kollegium des Heiligen Josef, die \u00f6sterreichisch-ungarische Gedenkst\u00e4tte und die Quelle der Heilgen Scholastika.<\/p>\n<\/div><\/section><\/p><\/div>\n<div style=\"padding-bottom:20px; padding-top:10px;\" class=\"hupso-share-buttons\"><!-- Hupso Share Buttons - http:\/\/www.hupso.com\/share\/ --><a class=\"hupso_counters\" href=\"http:\/\/www.hupso.com\/share\/\"><img src=\"https:\/\/static.hupso.com\/share\/buttons\/lang\/it\/share-small.png\" style=\"border:0px; padding-top:2px; float:left;\" alt=\"Share Button\"\/><\/a><script type=\"text\/javascript\">var hupso_services_c=new Array(\"twitter\",\"facebook_like\",\"facebook_send\",\"google\",\"pinterest\");var hupso_counters_lang = \"it_IT\";var hupso_image_folder_url = \"\";var hupso_url_c=\"\";<\/script><script type=\"text\/javascript\" src=\"https:\/\/static.hupso.com\/share\/js\/counters.js\"><\/script><!-- Hupso Share Buttons --><\/div>","protected":false},"excerpt":{"rendered":"<p>This is a Page excerpt. It will be displayed for search results<\/p>\n","protected":false},"author":10,"featured_media":0,"parent":0,"menu_order":0,"comment_status":"open","ping_status":"open","template":"","meta":[],"_links":{"self":[{"href":"https:\/\/turismofollina.it\/de\/wp-json\/wp\/v2\/pages\/5555"}],"collection":[{"href":"https:\/\/turismofollina.it\/de\/wp-json\/wp\/v2\/pages"}],"about":[{"href":"https:\/\/turismofollina.it\/de\/wp-json\/wp\/v2\/types\/page"}],"author":[{"embeddable":true,"href":"https:\/\/turismofollina.it\/de\/wp-json\/wp\/v2\/users\/10"}],"replies":[{"embeddable":true,"href":"https:\/\/turismofollina.it\/de\/wp-json\/wp\/v2\/comments?post=5555"}],"version-history":[{"count":2,"href":"https:\/\/turismofollina.it\/de\/wp-json\/wp\/v2\/pages\/5555\/revisions"}],"predecessor-version":[{"id":5647,"href":"https:\/\/turismofollina.it\/de\/wp-json\/wp\/v2\/pages\/5555\/revisions\/5647"}],"wp:attachment":[{"href":"https:\/\/turismofollina.it\/de\/wp-json\/wp\/v2\/media?parent=5555"}],"curies":[{"name":"wp","href":"https:\/\/api.w.org\/{rel}","templated":true}]}}