{"id":5564,"date":"2014-10-21T18:54:47","date_gmt":"2014-10-21T16:54:47","guid":{"rendered":"http:\/\/turismofollina.it11111111111111.p-xp.it\/enogastronomia-5-2\/"},"modified":"2014-10-27T11:59:22","modified_gmt":"2014-10-27T10:59:22","slug":"enogastronomia-5","status":"publish","type":"page","link":"https:\/\/turismofollina.it\/de\/enogastronomia-5\/","title":{"rendered":"Geographischer Rahmen"},"content":{"rendered":"<div id='layer_slider_1' class='avia-layerslider main_color avia-shadow  container_wrap sidebar_right'   ><\/div>\n<div class=\"flex_column av_one_fourth  flex_column_div first  \" ><section class=\"av_textblock_section\"  itemscope=\"itemscope\" itemtype=\"https:\/\/schema.org\/CreativeWork\" ><div class='avia_textblock '   itemprop=\"text\" ><h6 style=\"background-color: #007547;\">Photogallery<\/h6>\n<\/div><\/section><br \/>\n<div class='avia-gallery avia-gallery-1 avia_lazyload avia_animate_when_visible '  itemscope=\"itemscope\" itemtype=\"https:\/\/schema.org\/ImageObject\" ><div class='avia-gallery-thumb'> <a href='https:\/\/turismofollina.it\/wp-content\/uploads\/villa-veneta-1030x901.jpg' data-rel='gallery-1' data-prev-img='https:\/\/turismofollina.it\/wp-content\/uploads\/villa-veneta-495x400.jpg' class='first_thumb lightbox ' data-onclick='1' title='VILLA VENETA'  itemprop=\"contentURL\" ><img data-avia-tooltip='VILLA VENETA' src='https:\/\/turismofollina.it\/wp-content\/uploads\/villa-veneta-495x400.jpg' width='495' height='400'  title='villa veneta per testata' alt='' \/><\/a> <a href='https:\/\/turismofollina.it\/wp-content\/uploads\/TREVISO-1030x759.jpg' data-rel='gallery-1' data-prev-img='https:\/\/turismofollina.it\/wp-content\/uploads\/TREVISO-495x400.jpg' class='lightbox ' data-onclick='2' title='FOTO TREVISO'  itemprop=\"contentURL\" ><img data-avia-tooltip='FOTO TREVISO' src='https:\/\/turismofollina.it\/wp-content\/uploads\/TREVISO-495x400.jpg' width='495' height='400'  title='TREVISO' alt='' \/><\/a> <a href='https:\/\/turismofollina.it\/wp-content\/uploads\/Vigneto-687x1030.jpg' data-rel='gallery-1' data-prev-img='https:\/\/turismofollina.it\/wp-content\/uploads\/Vigneto-495x400.jpg' class='first_thumb lightbox ' data-onclick='3' title='FOTO 1'  itemprop=\"contentURL\" ><img data-avia-tooltip='FOTO 1' src='https:\/\/turismofollina.it\/wp-content\/uploads\/Vigneto-495x400.jpg' width='495' height='400'  title='Vigneto' alt='' \/><\/a><\/div><\/div><br \/>\n<div style='height:10px' class='hr hr-invisible '><span class='hr-inner ' ><span class='hr-inner-style'><\/span><\/span><\/div><\/p><\/div>\n<div class=\"flex_column av_three_fourth  flex_column_div   \" ><section class=\"av_textblock_section\"  itemscope=\"itemscope\" itemtype=\"https:\/\/schema.org\/CreativeWork\" ><div class='avia_textblock '   itemprop=\"text\" ><h6 style=\"background-color: #007547;\"><img loading=\"lazy\" class=\"alignleft  wp-image-5156\" style=\"margin: -4px 4px 0px 0px; padding: 0px;\" alt=\"contesto geografico\" src=\"\/wp-content\/uploads\/geo.png\" width=\"24\" height=\"24\" \/>Geographischer Rahmen<\/h6>\n<\/div><\/section><br \/>\n<section class=\"av_textblock_section\"  itemscope=\"itemscope\" itemtype=\"https:\/\/schema.org\/CreativeWork\" ><div class='avia_textblock '   itemprop=\"text\" ><p>Follina ist in eine Talebene mit \u00fcppigen W\u00e4ldern, Wasserquellen und Weinbergen eingebettet und be-findet sich in der Provinz Treviso, im geographischen Gebiet der n\u00f6rdlichen Marca, in einer H\u00fcgel-landschaft auf 191 Metern H\u00f6he. Der Ort liegt am s\u00fcdlichen Fu\u00df der Belluneser Voralpen, ganz in der N\u00e4he der Ufer des Flusses Soligo, einem Zufluss des Piave.<br \/>\nDas Gebiet um Follina ist reich an Geschichte und hat bedeutende Dynastien hervorgebracht, die neben anderen die Geschichte der Serenissima, der Republik Venedig, geschrieben haben.<br \/>\nFollina ist seit Jahrhunderten ein spirituelles Zentrum, dessen nat\u00fcrlicher Rahmen von der Abtei verk\u00f6rpert wird. Ihr antiker Kreuzgang (sein Bau wurde 1268 beendet) schenkt Momente der Stille und des Friedens, in einer zeitlosen Atmosph\u00e4re.<br \/>\nFollina ist mit seinen historischen Geb\u00e4uden, den antiken Kultst\u00e4tten und seiner unber\u00fchrten Umgebung auch f\u00fcr all diejenigen ein ideales Ziel, die einen Urlaub im Zeichen der Kultur, der k\u00f6rperlichen Aktivit\u00e4t und der guten K\u00fcche verbringen wollen, inmitten der entspannenden Natur der umliegenden H\u00fcgel.<\/p>\n<\/div><\/section><\/p><\/div>\n<div style=\"padding-bottom:20px; padding-top:10px;\" class=\"hupso-share-buttons\"><!-- Hupso Share Buttons - http:\/\/www.hupso.com\/share\/ --><a class=\"hupso_counters\" href=\"http:\/\/www.hupso.com\/share\/\"><img src=\"https:\/\/static.hupso.com\/share\/buttons\/lang\/it\/share-small.png\" style=\"border:0px; padding-top:2px; float:left;\" alt=\"Share Button\"\/><\/a><script type=\"text\/javascript\">var hupso_services_c=new Array(\"twitter\",\"facebook_like\",\"facebook_send\",\"google\",\"pinterest\");var hupso_counters_lang = \"it_IT\";var hupso_image_folder_url = \"\";var hupso_url_c=\"\";<\/script><script type=\"text\/javascript\" src=\"https:\/\/static.hupso.com\/share\/js\/counters.js\"><\/script><!-- Hupso Share Buttons --><\/div>","protected":false},"excerpt":{"rendered":"<p>This is a Page excerpt. It will be displayed for search results<\/p>\n","protected":false},"author":10,"featured_media":0,"parent":0,"menu_order":0,"comment_status":"open","ping_status":"open","template":"","meta":[],"_links":{"self":[{"href":"https:\/\/turismofollina.it\/de\/wp-json\/wp\/v2\/pages\/5564"}],"collection":[{"href":"https:\/\/turismofollina.it\/de\/wp-json\/wp\/v2\/pages"}],"about":[{"href":"https:\/\/turismofollina.it\/de\/wp-json\/wp\/v2\/types\/page"}],"author":[{"embeddable":true,"href":"https:\/\/turismofollina.it\/de\/wp-json\/wp\/v2\/users\/10"}],"replies":[{"embeddable":true,"href":"https:\/\/turismofollina.it\/de\/wp-json\/wp\/v2\/comments?post=5564"}],"version-history":[{"count":2,"href":"https:\/\/turismofollina.it\/de\/wp-json\/wp\/v2\/pages\/5564\/revisions"}],"predecessor-version":[{"id":5656,"href":"https:\/\/turismofollina.it\/de\/wp-json\/wp\/v2\/pages\/5564\/revisions\/5656"}],"wp:attachment":[{"href":"https:\/\/turismofollina.it\/de\/wp-json\/wp\/v2\/media?parent=5564"}],"curies":[{"name":"wp","href":"https:\/\/api.w.org\/{rel}","templated":true}]}}