{"id":6374,"date":"2016-07-27T16:15:07","date_gmt":"2016-07-27T14:15:07","guid":{"rendered":"http:\/\/turismofollina.it\/en\/?page_id=6374"},"modified":"2016-07-27T16:15:07","modified_gmt":"2016-07-27T14:15:07","slug":"privacy-policy-informativa-sui-cookies","status":"publish","type":"page","link":"https:\/\/turismofollina.it\/en\/privacy-policy-informativa-sui-cookies\/","title":{"rendered":"Privacy Policy | Informativa sui Cookies"},"content":{"rendered":"<h2>TRATTAMENTO DEI DATI PERSONALI | INFORMATIVA SUI COOKIES<\/h2>\n<p><strong>Informativa sulla Privacy ex art. 13 d.lgs. 196\/2003<\/strong><\/p>\n<p>La presente informativa (\u201cInformativa\u201d), resa ai sensi dell&#8217;art. 13 del d.lgs. n. 196\/2003 (Codice in materia di protezione dei dati personali \u2013 di seguito \u201cCodice\u201d)\u00a0\u00e8 rivolta a coloro che comunicano i propri dati personali, anche, ma non limitatamente, utilizzando i servizi web accessibili dal presente sito web (\u201cSito\u201d).<\/p>\n<p>La presente Informativa disciplina le modalit\u00e0 mediante le quali <span class=\"trTextContainer\"><i style=\"color: #677283;\">Comune di Follina <\/i><br \/>\n<\/span> raccoglie, conserva, utilizza, comunica, o tratta in qualsiasi altro modo,\u00a0i dati personali raccolti dagli utenti del Sito (\u201cUtenti\u201d).<\/p>\n<p>Con l\u2019espressione \u201cDato Personale\u201d si intende qualunque informazione relativa ad una persona fisica, identificata o identificabile, anche indirettamente,\u00a0mediante riferimento a qualsiasi altra informazione, ivi compreso un numero di identificazione personale (art. 4, lett. b, Codice).<\/p>\n<p><span class=\"trTextContainer\"><i style=\"color: #677283;\">Comune di Follina<\/i><\/span>pu\u00f2 modificare, integrare o aggiornare periodicamente la presente Informativa, in considerazione di eventuali modifiche della normativa\u00a0applicabile o di provvedimenti del Garante per la Protezione dei Dati Personali (\u201cGarante\u201d) ovvero dei servizi offerti sul Sito.<br \/>\nLe modifiche e gli aggiornamenti dell\u2019Informativa sono applicati e portati a conoscenza di tutti i soggetti interessati, non appena adottati,\u00a0mediante la loro pubblicazione sul Sito. Conseguentemente, ogni Utente \u00e8 invitato ad accedere periodicamente al Sito per verificare l\u2019Informativa\u00a0eventualmente aggiornata.<\/p>\n<h2>Collegamenti ipertestuali<\/h2>\n<p>Nel Sito potrebbero essere presenti dei collegamenti ad altri siti di terze parti (\u201cLink\u201d), ritenuti d\u2019interesse per l\u2019Utente. Con il collegamento a tali siti,\u00a0si esce dal presente Sito per libera scelta e si accede a un sito di propriet\u00e0 di terzi. Le informazioni contenute in tali siti sono indipendenti e fuori dal\u00a0controllo dal <span class=\"trTextContainer\"><i style=\"color: #677283;\">Comune di Follina <\/i><\/span>, che non si assume alcuna responsabilit\u00e0 in proposito, neppure relativamente all\u2019eventuale trattamento di Dati Personali\u00a0che possano avvenire in tali circostanze. Conseguentemente: (i) <span class=\"trTextContainer\"><i style=\"color: #677283;\">Comune di Follina<\/i><\/span>non assume alcuna responsabilit\u00e0, n\u00e9 fornisce alcuna garanzia circa la\u00a0natura e i contenuti di qualsiasi sito web di terze parti connessi al presente Sito mediante Links; (ii) la presente Informativa non \u00e8 applicabile o relativa\u00a0ai trattamenti di dati da parte di altri siti web, anche se consultati dall&#8217;Utente tramite Link; (iii) il collegamento a siti di terzi avviene sotto la esclusiva\u00a0responsabilit\u00e0 degli Utenti.<\/p>\n<h2>Raccolta dei dati<\/h2>\n<p>I Dati Personali degli Utenti trattati dal di <span class=\"trTextContainer\"><i style=\"color: #677283;\">Comune di Follina<\/i><\/span>(\u201cTrattamento Dati\u201d), conservati sui propri server o dei propri partner,\u00a0come di seguito meglio specificato, possono essere raccolti con diverse modalit\u00e0, e precisamente:<\/p>\n<ul>\n<li>forniti direttamente dall\u2019Utente: sono tutti i Dati Personali inseriti nel Sito (per navigare, registrarsi come Utente, o, pi\u00f9 in generale,\u00a0per qualsiasi altra ragione), o comunicati nel corso di eventi organizzati o partecipati di <span class=\"trTextContainer\"><i style=\"color: #677283;\">Comune di Follina <\/i><\/span>,\u00a0o che comunque siano forniti al titolare del sito con qualsiasi modalit\u00e0 direttamente dall\u2019Utente\u00a0(quali, a titolo esemplificativo, la compilazione di moduli o la corrispondenza).<\/li>\n<\/ul>\n<p>&nbsp;<\/p>\n<ul>\n<li>raccolti automaticamente: i Dati Personali raccolti automaticamente attraverso, ma non solo, i c.d. \u201ccookies\u201d\u00a0(come meglio specificato nella sezione che segue), sono &#8211; di regola &#8211; i dati relativi alla navigazione dell\u2019Utente.<br \/>\nI sistemi informatici e le procedure software preposte al funzionamento del Sito acquisiscono, nel corso del loro normale esercizio,\u00a0alcuni Dati Personali la cui trasmissione \u00e8 implicita nell&#8217;uso dei protocolli di comunicazione di internet. Si tratta di informazioni che,\u00a0generalmente, non sono raccolte per essere associate a interessati identificati, ma che per loro stessa natura potrebbero,\u00a0attraverso elaborazioni ed associazioni con dati detenuti da terzi, permettere di identificare gli utenti.<br \/>\nIn questa categoria di Dati Personali rientrano gli indirizzi IP, o i nomi di dominio, dei computer utilizzati dagli Utenti che si connettono al Sito,\u00a0gli indirizzi in notazione URI (uniform resource identifier) delle risorse richieste, l&#8217;orario della richiesta,\u00a0il metodo utilizzato nel sottoporre la richiesta, la dimensione del file ottenuto in risposta,\u00a0il codice numerico indicante lo stato della risposta data dal server (buon fine, errore, ecc.)\u00a0ed altri parametri relativi al sistema operativo e all&#8217;ambiente informatico dell&#8217;Utente.<br \/>\nQuesti Dati vengono principalmente utilizzati per ricavare informazioni statistiche sull&#8217;uso del Sito e per controllarne il corretto funzionamento.<br \/>\nI Dati potrebbero essere utilizzati anche per accertare responsabilit\u00e0 in caso di ipotetici reati informatici ai danni del Sito.<\/li>\n<\/ul>\n<h2>Cookies<\/h2>\n<p><span class=\"trTextContainer\"><i style=\"color: #677283;\">Comune di Follina <\/i><\/span>, tramite il proprio Sito, utilizza dei cookies al fine di rendere l\u2019esperienza di navigazione il pi\u00f9 possibile aderente ai desideri\u00a0ed alle necessit\u00e0 degli Utenti, nonch\u00e9 al fine di rendere maggiormente fruibili i contenuti web consultati dagli stessi.<br \/>\nE\u2019 grazie ai cookies che \u00e8 possibile garantire una navigazione pi\u00f9 agevole ed una maggiore facilit\u00e0 ed intuitivit\u00e0 d\u2019uso del Sito.<br \/>\nI cookies infatti sono piccoli file di testo, contenenti un \u201cpacchetto di informazioni\u201d, che il Sito invia sul terminale dell\u2019Utente (solitamente sul browser),\u00a0dove vengono memorizzati, per essere poi ritrasmessi allo stesso Sito, nella medesima sessione o nelle successive visite del medesimo Utente. Generalmente,\u00a0i cookies assegnano un numero unico all\u2019Utente; tuttavia, tale numero \u00e8 privo di significato al di fuori del Sito su cui lo stesso \u00e8 stato assegnato.<br \/>\nI cookies possono essere memorizzati solo per il tempo di utilizzo di un determinato sito (i.e. session cookies)\u00a0o per un periodo di tempo pi\u00f9 lungo ed indipendente dalla sessione (i.e. persistent cookies).<br \/>\nDi norma, i cookies permettono al titolare del sito di stabilire quali sono i settori e i contenuti pi\u00f9 visitati o visionati del Sito,\u00a0al fine di adattare gli stessi ai desideri degli Utenti ed al contempo di migliorare i servizi offerti anche,\u00a0ma non limitatamente per rendere una comunicazione su misura degli Utenti e loro relativi interessi.<\/p>\n<p>Le tipologie di cookies utilizzate dal Sito sono:<\/p>\n<ul>\n<li>a. Cookies necessari e funzionali alla navigazione;<\/li>\n<li>b. Cookies di terze parti.<\/li>\n<\/ul>\n<p><strong>Cookies necessari alla navigazione:<\/strong><\/p>\n<p>Essi sono i cookies indispensabili alla corretta operativit\u00e0 e visibilit\u00e0 del Sito consentendo di navigare utilizzando le funzionalit\u00e0 essenziali.<br \/>\nQuesti cookies non raccolgono informazioni sugli Utenti che potrebbero essere utilizzate per fini di marketing.<br \/>\nI cookies necessari servono, inter alia, per: (i) ricordare i dati degli Utenti nelle diverse pagine nel corso di una sessione di navigazione del browser;\u00a0(ii) visualizzare i contenuti nella lingua prescelta ad ogni accesso,\u00a0riconoscendo da quale nazione l\u2019Utente si connette (e ricordando nei futuri accessi tale impostazione).<\/p>\n<p><strong>Cookies funzionali alla navigazione:<\/strong><\/p>\n<p>Essi sono i cookies che consentono al titolare del sito di rendere all\u2019Utente sensibilmente pi\u00f9 agevole l\u2019utilizzo del Sito.<br \/>\nEssi permettono di identificare gli Utenti che hanno effettuato il log-in al Sito, evitando il nuovo inserimento dei dati ad ogni nuova sessione di navigazione.<br \/>\nTali cookies mirano a facilitarne e a velocizzarne l\u2019utilizzo.<\/p>\n<p>&nbsp;<\/p>\n<p>&nbsp;<\/p>\n<table border=\"1\" cellspacing=\"0\" cellpadding=\"4\">\n<tbody>\n<tr>\n<td colspan=\"5\" valign=\"top\">\n<p align=\"center\"><strong>PERFORMANCE<\/strong><\/p>\n<\/td>\n<\/tr>\n<tr>\n<td dir=\"dir\" id=\"id\" lang=\"lang\" scope=\"scope\" align=\"align\" valign=\"top\">\n<p align=\"left\"><strong>Cookie utilizzato:<\/strong><\/p>\n<\/td>\n<td dir=\"dir\" id=\"id\" lang=\"lang\" scope=\"scope\" align=\"align\" valign=\"top\">\n<p align=\"left\"><strong>Che cosa f\u00e0?<\/strong><\/p>\n<\/td>\n<td dir=\"dir\" id=\"id\" lang=\"lang\" colspan=\"2\" scope=\"scope\" align=\"align\" valign=\"top\">\n<p align=\"left\"><strong>Quanto a lungo rimane il cookie sul vostro dispositivo?<\/strong><\/p>\n<\/td>\n<td dir=\"dir\" id=\"id\" lang=\"lang\" scope=\"scope\" align=\"align\" valign=\"top\">\n<p align=\"left\"><strong>Dettagli sul cookie<\/strong><\/p>\n<\/td>\n<\/tr>\n<tr>\n<td dir=\"dir\" id=\"id\" lang=\"lang\" scope=\"scope\" align=\"align\" valign=\"top\">\n<p align=\"left\">Analitico \/ Tracking<\/p>\n<\/td>\n<td valign=\"top\">\n<p align=\"left\">Fornisce informazioni anonime \/ aggregate su dove andate e cosa fate sui nostri siti e su altri siti internet.<\/p>\n<\/td>\n<td colspan=\"2\" valign=\"top\">\n<p align=\"left\">Terze parti<\/p>\n<\/td>\n<td valign=\"top\">\n<p align=\"left\"><strong>Google Analytics<\/strong><\/p>\n<p><a href=\"https:\/\/developers.google.com\/analytics\/resources\/concepts\/gaConceptsCookies\" target=\"_blank\">informazioni su Google Analytics cliccare qui<\/a><\/p>\n<p><strong>YouTube Tracking<br \/>\n<\/strong><a href=\"http:\/\/www.google.co.uk\/intl\/en\/policies\/privacy\/\" target=\"_blank\">informazioni su YouTube cliccare qui<\/a><\/td>\n<\/tr>\n<tr>\n<td colspan=\"5\" valign=\"top\">\n<p align=\"center\"><strong>FUNZIONALIT\u00c0<\/strong><\/p>\n<\/td>\n<\/tr>\n<tr>\n<td valign=\"top\">\n<p align=\"left\">Social Media \/ condivisione (sharing)<\/p>\n<\/td>\n<td valign=\"top\">\n<p align=\"left\">Vi permettono di condividere commenti \/ valutazioni \/ pagine \/ bookmark e vi aiutano a semplificare l\u2019accesso<br \/>\nai social network e agli strumenti sociali su internet.<\/p>\n<\/td>\n<td colspan=\"2\" valign=\"top\">\n<p align=\"left\">Terze parti<\/p>\n<\/td>\n<td valign=\"top\"><strong>Vimeo<br \/>\n<\/strong><a href=\"https:\/\/vimeo.com\/cookie_policy\" target=\"_blank\">informazioni sui cookies di Vimeo<\/a><strong> Facebook<\/strong><a href=\"http:\/\/www.facebook.com\/about\/privacy\/your-info-on-other#anothersite\" target=\"_blank\">informazioni su Facebook Connect cliccare qui<\/a><a href=\"http:\/\/www.facebook.com\/about\/privacy\/your-info-on-other#socialplugin\" target=\"_blank\">informazioni sui social plug-in di Facebook<\/a><strong>Twitter<br \/>\n<\/strong><a href=\"http:\/\/twitter.com\/privacy\" target=\"_blank\">informazioni su Twitter<\/a><strong>YouTube<br \/>\n<\/strong><a href=\"http:\/\/www.google.co.uk\/intl\/en\/policies\/privacy\/\" target=\"_blank\">informazioni su YouTube<\/a><\/td>\n<\/tr>\n<\/tbody>\n<\/table>\n<hr \/>\n<h3>Come disabilitare i cookie mediante configurazione del browser<\/h3>\n<ul>\n<li>Disabilitazione dei cookie su <a href=\"https:\/\/support.mozilla.org\/it\/kb\/Attivare%20e%20disattivare%20i%20cookie\" target=\"_blank\"><br \/>\n<strong>Firefox<\/strong> <\/a><\/li>\n<li>Disabilitazione dei cookie su <a href=\"http:\/\/www.google.com\/policies\/technologies\/managing\/\" target=\"_blank\"><br \/>\n<strong>Chrome<\/strong><\/a><\/li>\n<li>Disabilitazione dei cookie su <a href=\"http:\/\/windows.microsoft.com\/it-it\/internet-explorer\/delete-manage-cookies#ie=ie-11\" target=\"_blank\"><br \/>\n<strong>Internet Explorer<\/strong><\/a><\/li>\n<li>Disabilitazione dei cookie su <a href=\"http:\/\/support.apple.com\/kb\/HT1677?viewlocale=it_IT&amp;locale=it_IT\" target=\"_blank\"><br \/>\n<strong>Safari <\/strong><\/a><\/li>\n<li>Disabilitazione dei cookie su <strong><a href=\"http:\/\/help.opera.com\/Mac\/12.10\/it\/cookies.html\" target=\"_blank\">Opera<\/a><br \/>\n<\/strong><\/li>\n<\/ul>\n<hr \/>\n<h3>Come disabilitare i cookie di servizi di terzi<\/h3>\n<ul>\n<li><a href=\"http:\/\/www.google.com\/ads\/preferences\/?hl=it\" target=\"_blank\" rel=\"nofollow\">Servizi di Google<\/a><\/li>\n<li><a href=\"https:\/\/www.facebook.com\/help\/cookies?ref_type=sitefooter\" target=\"_blank\" rel=\"nofollow\">Facebook<\/a><\/li>\n<li><a href=\"https:\/\/support.twitter.com\/articles\/20170519-uso-dei-cookie-e-di-altre-tecnologie-simili-da-parte-di-twitter\" target=\"_blank\" rel=\"nofollow\">Twitter<\/a><\/li>\n<\/ul>\n<p>&nbsp;<\/p>\n<h2>Luogo, Modalit\u00e0 del trattamento dati e soggetti a cui i dati possono essere comunicati<\/h2>\n<p>&nbsp;<\/p>\n<p>Il Trattamento Dati avviene di regola presso la sede del titolare del sito.<\/p>\n<p>I Dati Personali sono trattati di <span class=\"trTextContainer\"><i style=\"color: #677283;\">Comune di Follina<\/i><\/span>e\/o da soggetti terzi, attentamente selezionati per affidabilit\u00e0 e competenza ed a cui possono essere\u00a0comunicati in quanto ci\u00f2 sia necessario od opportuno al fine di svolgere le attivit\u00e0 attinenti alle finalit\u00e0 di cui alla presente Informativa.<br \/>\nInoltre i Dati Personali possono altres\u00ec essere comunicati alle societ\u00e0 appartenenti al gruppo di societ\u00e0 del titolare del sito, le quali, in ogni caso,\u00a0hanno una policy privacy coerente e conforme a quella del titolare del sito, purch\u00e9 in Italia o in un paese dell\u2019Unione Europea. In ogni altro caso,\u00a0salvo quanto previsto dalle norme di legge, i Dati Personali non sono ceduti e\/o comunicati a terzi.<br \/>\nIl preciso elenco dei soggetti a cui possono essere comunicati i Dati Personali, di tempo in tempo aggiornato,\u00a0\u00e8 reperibile presso la sede legale del titolare del sito.<\/p>\n<p>I Dati Personali sono trattati, nel rispetto degli obblighi e delle garanzie previste dal Codice, sia in forma analogica, sia con sistemi informatici dai nostri\u00a0incaricati (personale dipendente o terzi delegati), per il tempo strettamente necessario a conseguire gli scopi per i quali sono raccolti.<br \/>\nSpecifiche misure di sicurezza sono osservate per prevenire la perdita di dati, usi illeciti o non comunque corretti.<br \/>\nNon appena i Dati Personali non sono pi\u00f9 necessari per le finalit\u00e0 di cui alla presente Informativa,\u00a0<span class=\"trTextContainer\"><i style=\"color: #677283;\">Comune di Follina<\/i><\/span>provvede alla loro cancellazione, salvo che la legge non preveda obblighi di archiviazione o che\u00a0l\u2019Utente non abbia acconsentito al trattamento per un tempo pi\u00f9 lungo o alla loro archiviazione per altre finalit\u00e0.<\/p>\n<h2>Finalit\u00e0 del trattamento e natura del consenso<\/h2>\n<p>&nbsp;<\/p>\n<p><span class=\"trTextContainer\"><i style=\"color: #677283;\">Comune di Follina <\/i><\/span>tratta i Dati Personali esclusivamente per le seguenti finalit\u00e0:<\/p>\n<ul>\n<li>1. finalit\u00e0 connesse all\u2019utilizzo dei servizi offerti di <span class=\"trTextContainer\"><i style=\"color: #677283;\">Comune di Follina <\/i><br \/>\n<\/span> e adempiere ad eventuali obblighi contrattuali instaurati con l\u2019Utente;<\/li>\n<li>2. finalit\u00e0 statistiche, ricerche di mercato, invio di materiale informativo e pubblicitario, segnalazione di iniziative promozionali ed offerte commerciali e altri servizi informativi sull\u2019attivit\u00e0 del titolare del sito;<\/li>\n<li>3. definire il profilo dei propri Utenti per personalizzare ed individualizzare le offerte commerciali.<\/li>\n<\/ul>\n<p>&nbsp;<\/p>\n<h2>Diritti degli Utenti<\/h2>\n<p>&nbsp;<\/p>\n<p>Ai sensi dell\u2019art. 7 del Codice, ciascun Utente ha diritto di ottenere la conferma della conservazione da parte del titolare del sito di Dati Personali che lo riguardano, e la loro comunicazione in forma intelligibile. Pi\u00f9 precisamente, ciascun Utente ha diritto di ottenere l\u2019indicazione:<\/p>\n<ul>\n<li>1. dell\u2019origine dei Dati Personali;<\/li>\n<li>2. delle finalit\u00e0 e modalit\u00e0 del trattamento;<\/li>\n<li>3. delle modalit\u00e0 con cui gli strumenti elettronici e informatici trattano i Dati Personali;<\/li>\n<li>4. degli estremi identificativi del titolare, dei responsabili (o del rappresentante designato ai sensi dell\u2019articolo 5, comma 2, del Codice);<\/li>\n<li>5. dei soggetti o delle categorie di soggetti ai quali i dati personali possono essere comunicati o che possono venirne a conoscenza in qualit\u00e0 di rappresentante designato nel territorio dello Stato, di responsabili o incaricati.<\/li>\n<\/ul>\n<p>&nbsp;<\/p>\n<p>Inoltre, ciascun Utente ha diritto di ottenere:<\/p>\n<ul>\n<li>1. l\u2019aggiornamento, la rettifica ovvero, quando vi ha interesse, l\u2019integrazione dei dati;<\/li>\n<li>2. la cancellazione, la trasformazione in forma anonima o il blocco dei dati trattati in violazione di legge, compresi quelli di cui non \u00e8 necessaria la conservazione in relazione agli scopi per i quali i dati sono stati raccolti o successivamente trattati;<\/li>\n<li>3. l\u2019attestazione che le operazioni di cui alle lettere a) e b) sono state portate a conoscenza, anche per quanto riguarda il loro contenuto, di coloro ai quali i dati sono stati comunicati o diffusi, eccettuato il caso in cui tale adempimento si rivela impossibile o comporta un impiego di mezzi manifestamente sproporzionato rispetto al diritto tutelato.<\/li>\n<\/ul>\n<p>L\u2019Utente ha inoltre il diritto di opporsi, in tutto o in parte:<\/p>\n<ul>\n<li>1. per motivi legittimi al trattamento dei Dati Personali che lo riguardano, ancorch\u00e9 pertinenti allo scopo della raccolta;<\/li>\n<li>2. al trattamento di Dati Personali che lo riguardano a fini di invio di materiale pubblicitario o di vendita diretta o per il compimento di ricerche di mercato o di comunicazione commerciale.<\/li>\n<\/ul>\n<p>Le richieste di cui ai punti precedenti vanno rivolte al Responsabile del Trattamento Dati (come indicato al successivo paragrafo) a mezzo e-mail, posta ordinaria, o lettera raccomandata a\/r inviata al titolare del sito.<\/p>\n<h2>Titolare e Responsabile del Trattamento Dati<\/h2>\n<p>Il titolare del trattamento \u00e8 <span class=\"trTextContainer\"><i style=\"color: #677283;\">Comune di Follina <\/i><\/span>.<\/p>\n<div style=\"padding-bottom:20px; padding-top:10px;\" class=\"hupso-share-buttons\"><!-- Hupso Share Buttons - http:\/\/www.hupso.com\/share\/ --><a class=\"hupso_counters\" href=\"http:\/\/www.hupso.com\/share\/\"><img src=\"https:\/\/static.hupso.com\/share\/buttons\/lang\/it\/share-small.png\" style=\"border:0px; padding-top:2px; float:left;\" alt=\"Share Button\"\/><\/a><script type=\"text\/javascript\">var hupso_services_c=new Array(\"twitter\",\"facebook_like\",\"facebook_send\",\"google\",\"pinterest\");var hupso_counters_lang = \"it_IT\";var hupso_image_folder_url = \"\";var hupso_url_c=\"\";<\/script><script type=\"text\/javascript\" src=\"https:\/\/static.hupso.com\/share\/js\/counters.js\"><\/script><!-- Hupso Share Buttons --><\/div>","protected":false},"excerpt":{"rendered":"<p>TRATTAMENTO DEI DATI PERSONALI | INFORMATIVA SUI COOKIES Informativa sulla Privacy ex art. 13 d.lgs. 196\/2003 La presente informativa (\u201cInformativa\u201d), resa ai sensi dell&#8217;art. 13 del d.lgs. n. 196\/2003 (Codice in materia di protezione dei dati personali \u2013 di seguito \u201cCodice\u201d)\u00a0\u00e8 rivolta a coloro che comunicano i propri dati personali, anche, ma non limitatamente, utilizzando [&hellip;]<\/p>\n","protected":false},"author":5,"featured_media":0,"parent":0,"menu_order":0,"comment_status":"closed","ping_status":"closed","template":"","meta":[],"_links":{"self":[{"href":"https:\/\/turismofollina.it\/en\/wp-json\/wp\/v2\/pages\/6374"}],"collection":[{"href":"https:\/\/turismofollina.it\/en\/wp-json\/wp\/v2\/pages"}],"about":[{"href":"https:\/\/turismofollina.it\/en\/wp-json\/wp\/v2\/types\/page"}],"author":[{"embeddable":true,"href":"https:\/\/turismofollina.it\/en\/wp-json\/wp\/v2\/users\/5"}],"replies":[{"embeddable":true,"href":"https:\/\/turismofollina.it\/en\/wp-json\/wp\/v2\/comments?post=6374"}],"version-history":[{"count":1,"href":"https:\/\/turismofollina.it\/en\/wp-json\/wp\/v2\/pages\/6374\/revisions"}],"predecessor-version":[{"id":6375,"href":"https:\/\/turismofollina.it\/en\/wp-json\/wp\/v2\/pages\/6374\/revisions\/6375"}],"wp:attachment":[{"href":"https:\/\/turismofollina.it\/en\/wp-json\/wp\/v2\/media?parent=6374"}],"curies":[{"name":"wp","href":"https:\/\/api.w.org\/{rel}","templated":true}]}}